{"id":2,"date":"2022-10-06T16:03:43","date_gmt":"2022-10-06T14:03:43","guid":{"rendered":"http:\/\/xnvlloz.cluster028.hosting.ovh.net\/?page_id=2"},"modified":"2023-06-01T17:48:23","modified_gmt":"2023-06-01T15:48:23","slug":"page-d-exemple","status":"publish","type":"page","link":"https:\/\/lesenfantsparlentfrancais.com\/","title":{"rendered":""},"content":{"rendered":"\n<p class=\"has-text-align-center has-text-color has-medium-font-size\" style=\"color:#03016c\">Les enfants parlent fran\u00e7ais<br><strong>D\u00e9couvrez les 10 \u00e9pisodes de la 1\u00e8re saison !<\/strong><br>Des dialogues faciles en fran\u00e7ais, sous-titr\u00e9s<\/p>\n\n\n\n<p class=\"has-text-align-center\" style=\"font-size:15px\"><em>(French conversation &#8211; easy &#8211; kids &#8211; ST)<\/em><\/p>\n\n\n\n<p class=\"has-white-color has-white-background-color has-text-color has-background\">Les enfants parlent fran\u00e7ais videos FLE Francais langue \u00e9trang\u00e8re francais langue \u00e9trangere (French conversation &#8211; easy &#8211; kids &#8211; ST)<\/p>\n\n\n\n<p><\/p>\n\n\n\n<p><\/p>\n\n\n\n<div class=\"wp-block-columns has-small-font-size is-layout-flex wp-container-core-columns-is-layout-9d6595d7 wp-block-columns-is-layout-flex\">\n<div class=\"wp-block-column is-layout-flow wp-block-column-is-layout-flow\" style=\"flex-basis:38.3%\">\n<figure class=\"wp-block-embed is-type-video is-provider-youtube wp-block-embed-youtube wp-embed-aspect-16-9 wp-has-aspect-ratio\"><div class=\"wp-block-embed__wrapper\">\n<iframe loading=\"lazy\" title=\"Les enfants parlent fran\u00e7ais - Episode 1 : Je me pr\u00e9sente (French conversation - easy - kids - ST)\" width=\"960\" height=\"540\" src=\"https:\/\/www.youtube.com\/embed\/y8trQNgkVPk?feature=oembed\" frameborder=\"0\" allow=\"accelerometer; autoplay; clipboard-write; encrypted-media; gyroscope; picture-in-picture; web-share\" allowfullscreen><\/iframe>\n<\/div><\/figure>\n<\/div>\n\n\n\n<div class=\"wp-block-column is-layout-flow wp-block-column-is-layout-flow\" style=\"flex-basis:3%\"><\/div>\n\n\n\n<div class=\"wp-block-column is-layout-flow wp-block-column-is-layout-flow\" style=\"flex-basis:35.37%\">\n<div class=\"wp-block-buttons is-layout-flex wp-block-buttons-is-layout-flex\">\n<div class=\"wp-block-button has-custom-width wp-block-button__width-75 has-custom-font-size has-medium-font-size\"><a class=\"wp-block-button__link has-background wp-element-button\" style=\"background-color:#03016c\">1 . Je me pr\u00e9sente !<\/a><\/div>\n<\/div>\n\n\n\n<div class=\"wp-block-columns is-layout-flex wp-container-core-columns-is-layout-9d6595d7 wp-block-columns-is-layout-flex\">\n<div class=\"wp-block-column is-vertically-aligned-top is-layout-flow wp-block-column-is-layout-flow\" style=\"flex-basis:100%\">\n<p><\/p>\n\n\n\n<p><\/p>\n\n\n\n<p class=\"has-text-color has-medium-font-size\" style=\"color:#010f65;font-style:normal;font-weight:400\">Notions : nom et pr\u00e9nom, famille (fr\u00e8re et s\u0153ur), \u00e2ge, pr\u00e9sentation, questions-r\u00e9ponses. <\/p>\n<\/div>\n<\/div>\n<\/div>\n<\/div>\n\n\n\n<div class=\"wp-block-columns is-layout-flex wp-container-core-columns-is-layout-9d6595d7 wp-block-columns-is-layout-flex\">\n<div class=\"wp-block-column is-layout-flow wp-block-column-is-layout-flow\" style=\"flex-basis:38.3%\">\n<figure class=\"wp-block-embed is-type-video is-provider-youtube wp-block-embed-youtube wp-embed-aspect-16-9 wp-has-aspect-ratio\"><div class=\"wp-block-embed__wrapper\">\n<iframe loading=\"lazy\" title=\"Les enfants parlent fran\u00e7ais - Episode 2  : A l&#039;\u00e9cole ! C&#039;est la rentr\u00e9e ! - Dialogues faciles\" width=\"960\" height=\"540\" src=\"https:\/\/www.youtube.com\/embed\/v56xKa38hac?feature=oembed\" frameborder=\"0\" allow=\"accelerometer; autoplay; clipboard-write; encrypted-media; gyroscope; picture-in-picture; web-share\" allowfullscreen><\/iframe>\n<\/div><\/figure>\n<\/div>\n\n\n\n<div class=\"wp-block-column is-layout-flow wp-block-column-is-layout-flow\" style=\"flex-basis:3%\"><\/div>\n\n\n\n<div class=\"wp-block-column is-layout-flow wp-block-column-is-layout-flow\" style=\"flex-basis:28.37%\">\n<div class=\"wp-block-buttons is-layout-flex wp-block-buttons-is-layout-flex\">\n<div class=\"wp-block-button has-custom-font-size is-style-fill has-medium-font-size\" style=\"font-style:normal;font-weight:400\"><a class=\"wp-block-button__link has-background wp-element-button\" style=\"background-color:#03016c\">2. A l&rsquo;\u00e9cole ! C&rsquo;est la rentr\u00e9e !<\/a><\/div>\n<\/div>\n\n\n\n<p><\/p>\n\n\n\n<p class=\"has-text-color has-medium-font-size\" id=\"pr\u00e9sente\" style=\"color:#010f65\">Notions : rappels de l&rsquo;\u00e9pisode 1 (\u00ab\u00a0je me pr\u00e9sente\u00a0\u00bb) &#8211; objets de la classe et du cartable &#8211; Faire des questions\/r\u00e9ponses. Introduction des notions masculin \/ f\u00e9minin<\/p>\n<\/div>\n<\/div>\n\n\n\n<div class=\"wp-block-columns is-layout-flex wp-container-core-columns-is-layout-9d6595d7 wp-block-columns-is-layout-flex\">\n<div class=\"wp-block-column is-layout-flow wp-block-column-is-layout-flow\" style=\"flex-basis:38.3%\">\n<figure class=\"wp-block-embed is-type-video is-provider-youtube wp-block-embed-youtube wp-embed-aspect-16-9 wp-has-aspect-ratio\"><div class=\"wp-block-embed__wrapper\">\n<iframe loading=\"lazy\" title=\"Les enfants parlent fran\u00e7ais - Episode 3 : De toutes les couleurs ! - Dialogues faciles\" width=\"960\" height=\"540\" src=\"https:\/\/www.youtube.com\/embed\/0KyZeKj39cw?feature=oembed\" frameborder=\"0\" allow=\"accelerometer; autoplay; clipboard-write; encrypted-media; gyroscope; picture-in-picture; web-share\" allowfullscreen><\/iframe>\n<\/div><\/figure>\n<\/div>\n\n\n\n<div class=\"wp-block-column is-layout-flow wp-block-column-is-layout-flow\" style=\"flex-basis:3%\"><\/div>\n\n\n\n<div class=\"wp-block-column is-layout-flow wp-block-column-is-layout-flow\" style=\"flex-basis:28.37%\">\n<div class=\"wp-block-buttons is-layout-flex wp-block-buttons-is-layout-flex\">\n<div class=\"wp-block-button has-custom-width wp-block-button__width-100 has-custom-font-size has-medium-font-size\" style=\"font-style:normal;font-weight:400\"><a class=\"wp-block-button__link has-background wp-element-button\" style=\"background-color:#03016c\">3. De toutes les couleurs !<\/a><\/div>\n<\/div>\n\n\n\n<p><\/p>\n\n\n\n<p class=\"has-text-color has-medium-font-size\" style=\"color:#010f65\">Notions : r\u00e9visions de l&rsquo;\u00e9pisode 2 (\u00ab\u00a0A l&rsquo;\u00e9cole ! c&rsquo;est la rentr\u00e9e\u00a0\u00bb) &#8211; les couleurs &#8211; les questions &#8211; les nombres jusqu&rsquo;\u00e0 4<\/p>\n<\/div>\n<\/div>\n\n\n\n<div class=\"wp-block-columns is-layout-flex wp-container-core-columns-is-layout-9d6595d7 wp-block-columns-is-layout-flex\" style=\"letter-spacing:-0.5px\">\n<div class=\"wp-block-column is-layout-flow wp-block-column-is-layout-flow\" style=\"flex-basis:38.3%\">\n<figure class=\"wp-block-embed is-type-video is-provider-youtube wp-block-embed-youtube wp-embed-aspect-16-9 wp-has-aspect-ratio\"><div class=\"wp-block-embed__wrapper\">\n<iframe loading=\"lazy\" title=\"Les enfants parlent fran\u00e7ais - Episode 4 : Bienvenue dans ma famille ! - Dialogues faciles\" width=\"960\" height=\"540\" src=\"https:\/\/www.youtube.com\/embed\/V-EhBk89ceQ?feature=oembed\" frameborder=\"0\" allow=\"accelerometer; autoplay; clipboard-write; encrypted-media; gyroscope; picture-in-picture; web-share\" allowfullscreen><\/iframe>\n<\/div><\/figure>\n<\/div>\n\n\n\n<div class=\"wp-block-column is-layout-flow wp-block-column-is-layout-flow\" style=\"flex-basis:3%\"><\/div>\n\n\n\n<div class=\"wp-block-column is-layout-flow wp-block-column-is-layout-flow\" style=\"flex-basis:28.37%\">\n<div class=\"wp-block-buttons is-layout-flex wp-block-buttons-is-layout-flex\">\n<div class=\"wp-block-button has-custom-font-size has-medium-font-size\" style=\"font-style:normal;font-weight:400\"><a class=\"wp-block-button__link has-background wp-element-button\" style=\"background-color:#03016c\">4. Bienvenue dans ma famille !<\/a><\/div>\n<\/div>\n\n\n\n<p><\/p>\n\n\n\n<p class=\"has-text-color has-medium-font-size\" style=\"color:#010f65\">Notions : vocabulaire de la famille. R\u00e9visions des pr\u00e9sentations. D\u00e9terminants<\/p>\n<\/div>\n<\/div>\n\n\n\n<div class=\"wp-block-columns is-layout-flex wp-container-core-columns-is-layout-9d6595d7 wp-block-columns-is-layout-flex\">\n<div class=\"wp-block-column is-layout-flow wp-block-column-is-layout-flow\" style=\"flex-basis:38.3%\">\n<figure class=\"wp-block-embed is-type-video is-provider-youtube wp-block-embed-youtube wp-embed-aspect-16-9 wp-has-aspect-ratio\"><div class=\"wp-block-embed__wrapper\">\n<iframe loading=\"lazy\" title=\"Les enfants parlent fran\u00e7ais - Episode 5 : O\u00f9 est cach\u00e9 le tr\u00e9sor ? - Dialogues faciles\" width=\"960\" height=\"540\" src=\"https:\/\/www.youtube.com\/embed\/DLboVkaGLFM?feature=oembed\" frameborder=\"0\" allow=\"accelerometer; autoplay; clipboard-write; encrypted-media; gyroscope; picture-in-picture; web-share\" allowfullscreen><\/iframe>\n<\/div><\/figure>\n<\/div>\n\n\n\n<div class=\"wp-block-column is-layout-flow wp-block-column-is-layout-flow\" style=\"flex-basis:3%\"><\/div>\n\n\n\n<div class=\"wp-block-column is-layout-flow wp-block-column-is-layout-flow\" style=\"flex-basis:28.37%\">\n<div class=\"wp-block-buttons is-layout-flex wp-block-buttons-is-layout-flex\">\n<div class=\"wp-block-button has-custom-font-size has-medium-font-size\" style=\"font-style:normal;font-weight:400\"><a class=\"wp-block-button__link has-background wp-element-button\" style=\"background-color:#03016c\">5. O\u00f9 est cach\u00e9 le tr\u00e9sor ?<\/a><\/div>\n<\/div>\n\n\n\n<p><\/p>\n\n\n\n<p class=\"has-text-color has-medium-font-size\" style=\"color:#010f65\">Notions : adjectifs (grand\/petit) + verbe \u00eatre (o\u00f9 est?) + lieu (sur\/sous, devant\/derri\u00e8re) + vocabulaire du salon<\/p>\n<\/div>\n<\/div>\n\n\n\n<div class=\"wp-block-columns is-layout-flex wp-container-core-columns-is-layout-9d6595d7 wp-block-columns-is-layout-flex\">\n<div class=\"wp-block-column is-layout-flow wp-block-column-is-layout-flow\" style=\"flex-basis:38.3%\">\n<figure class=\"wp-block-embed is-type-video is-provider-youtube wp-block-embed-youtube wp-embed-aspect-16-9 wp-has-aspect-ratio\"><div class=\"wp-block-embed__wrapper\">\n<iframe loading=\"lazy\" title=\"Les enfants parlent fran\u00e7ais - Episode 6 : C&#039;est le go\u00fbter ! - Dialogues faciles\" width=\"960\" height=\"540\" src=\"https:\/\/www.youtube.com\/embed\/UPfptFie9v4?feature=oembed\" frameborder=\"0\" allow=\"accelerometer; autoplay; clipboard-write; encrypted-media; gyroscope; picture-in-picture; web-share\" allowfullscreen><\/iframe>\n<\/div><\/figure>\n<\/div>\n\n\n\n<div class=\"wp-block-column is-layout-flow wp-block-column-is-layout-flow\" style=\"flex-basis:3%\"><\/div>\n\n\n\n<div class=\"wp-block-column is-layout-flow wp-block-column-is-layout-flow\" style=\"flex-basis:28.37%\">\n<div class=\"wp-block-buttons is-layout-flex wp-block-buttons-is-layout-flex\">\n<div class=\"wp-block-button has-custom-font-size has-medium-font-size\" style=\"font-style:normal;font-weight:400\"><a class=\"wp-block-button__link has-background wp-element-button\" style=\"background-color:#03016c\">6. C&rsquo;est le go\u00fbter !<\/a><\/div>\n<\/div>\n\n\n\n<p><\/p>\n\n\n\n<p class=\"has-text-color has-medium-font-size\" style=\"color:#010f65\">Notions : la cuisine &#8211; mettre le couvert &#8211; r\u00e9visions pr\u00e9positions\/ adverbes de lieu<\/p>\n<\/div>\n<\/div>\n\n\n\n<div class=\"wp-block-columns is-layout-flex wp-container-core-columns-is-layout-9d6595d7 wp-block-columns-is-layout-flex\">\n<div class=\"wp-block-column is-layout-flow wp-block-column-is-layout-flow\" style=\"flex-basis:38.3%\">\n<figure class=\"wp-block-embed is-type-video is-provider-youtube wp-block-embed-youtube wp-embed-aspect-16-9 wp-has-aspect-ratio\"><div class=\"wp-block-embed__wrapper\">\n<iframe loading=\"lazy\" title=\"Les enfants parlent fran\u00e7ais - Episode 7 : Les antonymes - Dialogues faciles\" width=\"960\" height=\"540\" src=\"https:\/\/www.youtube.com\/embed\/iLOwMPhTK_I?feature=oembed\" frameborder=\"0\" allow=\"accelerometer; autoplay; clipboard-write; encrypted-media; gyroscope; picture-in-picture; web-share\" allowfullscreen><\/iframe>\n<\/div><\/figure>\n<\/div>\n\n\n\n<div class=\"wp-block-column is-layout-flow wp-block-column-is-layout-flow\" style=\"flex-basis:3%\"><\/div>\n\n\n\n<div class=\"wp-block-column is-layout-flow wp-block-column-is-layout-flow\" style=\"flex-basis:28.37%\">\n<div class=\"wp-block-buttons is-layout-flex wp-block-buttons-is-layout-flex\">\n<div class=\"wp-block-button has-custom-font-size has-medium-font-size\" style=\"font-style:normal;font-weight:400\"><a class=\"wp-block-button__link has-background wp-element-button\" style=\"background-color:#03016c\">7. Les antonymes<\/a><\/div>\n<\/div>\n\n\n\n<p><\/p>\n\n\n\n<p class=\"has-text-color has-medium-font-size\" style=\"color:#010f65\">Notions : les formes et les dimensions au travers des adjectifs et l&rsquo;expression des contraires<\/p>\n<\/div>\n<\/div>\n\n\n\n<div class=\"wp-block-columns is-layout-flex wp-container-core-columns-is-layout-9d6595d7 wp-block-columns-is-layout-flex\">\n<div class=\"wp-block-column is-layout-flow wp-block-column-is-layout-flow\" style=\"flex-basis:38.3%\">\n<figure class=\"wp-block-embed is-type-video is-provider-youtube wp-block-embed-youtube wp-embed-aspect-16-9 wp-has-aspect-ratio\"><div class=\"wp-block-embed__wrapper\">\n<iframe loading=\"lazy\" title=\"Les enfants parlent fran\u00e7ais - Episode 8 : Mati\u00e8res et Formes - Dialogues faciles\" width=\"960\" height=\"540\" src=\"https:\/\/www.youtube.com\/embed\/dgpKwDWVDUo?feature=oembed\" frameborder=\"0\" allow=\"accelerometer; autoplay; clipboard-write; encrypted-media; gyroscope; picture-in-picture; web-share\" allowfullscreen><\/iframe>\n<\/div><\/figure>\n<\/div>\n\n\n\n<div class=\"wp-block-column is-layout-flow wp-block-column-is-layout-flow\" style=\"flex-basis:3%\"><\/div>\n\n\n\n<div class=\"wp-block-column is-layout-flow wp-block-column-is-layout-flow\" style=\"flex-basis:28.37%\">\n<div class=\"wp-block-buttons is-layout-flex wp-block-buttons-is-layout-flex\">\n<div class=\"wp-block-button has-custom-font-size has-medium-font-size\" style=\"font-style:normal;font-weight:400\"><a class=\"wp-block-button__link has-background wp-element-button\" style=\"background-color:#03016c\">8. Mati\u00e8res et formes<\/a><\/div>\n<\/div>\n\n\n\n<p><\/p>\n\n\n\n<p class=\"has-text-color has-medium-font-size\" style=\"color:#010f65\">Notions : les mati\u00e8res et les formes &#8211; les nombres au del\u00e0 de 5<\/p>\n<\/div>\n<\/div>\n\n\n\n<div class=\"wp-block-columns is-layout-flex wp-container-core-columns-is-layout-9d6595d7 wp-block-columns-is-layout-flex\">\n<div class=\"wp-block-column is-layout-flow wp-block-column-is-layout-flow\" style=\"flex-basis:38.3%\">\n<figure class=\"wp-block-embed is-type-video is-provider-youtube wp-block-embed-youtube wp-embed-aspect-16-9 wp-has-aspect-ratio\"><div class=\"wp-block-embed__wrapper\">\n<iframe loading=\"lazy\" title=\"Les enfants parlent fran\u00e7ais - Episode 9 : Le corps humain - Dialogues faciles\" width=\"960\" height=\"540\" src=\"https:\/\/www.youtube.com\/embed\/1Gk3zl31shI?feature=oembed\" frameborder=\"0\" allow=\"accelerometer; autoplay; clipboard-write; encrypted-media; gyroscope; picture-in-picture; web-share\" allowfullscreen><\/iframe>\n<\/div><\/figure>\n<\/div>\n\n\n\n<div class=\"wp-block-column is-layout-flow wp-block-column-is-layout-flow\" style=\"flex-basis:3%\"><\/div>\n\n\n\n<div class=\"wp-block-column is-layout-flow wp-block-column-is-layout-flow\" style=\"flex-basis:28.37%\">\n<div class=\"wp-block-buttons is-layout-flex wp-block-buttons-is-layout-flex\">\n<div class=\"wp-block-button has-custom-font-size has-medium-font-size\" style=\"font-style:normal;font-weight:400\"><a class=\"wp-block-button__link has-background wp-element-button\" style=\"background-color:#03016c\"> 9. Le corps humain  <\/a><\/div>\n<\/div>\n\n\n\n<p><\/p>\n\n\n\n<p class=\"has-text-color has-medium-font-size\" style=\"color:#010f65\">Notions : Le corps<\/p>\n<\/div>\n<\/div>\n\n\n\n<div class=\"wp-block-columns is-layout-flex wp-container-core-columns-is-layout-9d6595d7 wp-block-columns-is-layout-flex\">\n<div class=\"wp-block-column is-layout-flow wp-block-column-is-layout-flow\" style=\"flex-basis:38.3%\">\n<figure class=\"wp-block-embed is-type-video is-provider-youtube wp-block-embed-youtube wp-embed-aspect-16-9 wp-has-aspect-ratio\"><div class=\"wp-block-embed__wrapper\">\n<iframe loading=\"lazy\" title=\"Les enfants parlent fran\u00e7ais - Episode 10  : Ton visage - Dialogues faciles\" width=\"960\" height=\"540\" src=\"https:\/\/www.youtube.com\/embed\/BCnZllcMVco?feature=oembed\" frameborder=\"0\" allow=\"accelerometer; autoplay; clipboard-write; encrypted-media; gyroscope; picture-in-picture; web-share\" allowfullscreen><\/iframe>\n<\/div><\/figure>\n<\/div>\n\n\n\n<div class=\"wp-block-column is-layout-flow wp-block-column-is-layout-flow\" style=\"flex-basis:3%\"><\/div>\n\n\n\n<div class=\"wp-block-column is-layout-flow wp-block-column-is-layout-flow\" style=\"flex-basis:28.37%\">\n<div class=\"wp-block-buttons is-layout-flex wp-block-buttons-is-layout-flex\">\n<div class=\"wp-block-button has-custom-width wp-block-button__width-100 has-custom-font-size has-medium-font-size\" style=\"font-style:normal;font-weight:400\"><a class=\"wp-block-button__link has-background wp-element-button\" style=\"background-color:#03016c\">  10. Ton visage  <\/a><\/div>\n<\/div>\n\n\n\n<p><\/p>\n\n\n\n<p class=\"has-text-color has-medium-font-size\" style=\"color:#010f65\">Notions : le visage et les 5 sens<\/p>\n\n\n\n<p class=\"has-text-color has-medium-font-size\" style=\"color:#010f65\"><\/p>\n<\/div>\n<\/div>\n\n\n\n<p><\/p>\n\n\n\n<p><\/p>\n\n\n\n<p class=\"has-text-align-center has-text-color has-medium-font-size\" style=\"color:#010f65\"><mark style=\"background-color:rgba(0, 0, 0, 0);color:#010f65\" class=\"has-inline-color\"><strong>Cette 1\u00e8re saison vous a plu ?<\/strong><\/mark> <\/p>\n\n\n\n<p class=\"has-text-align-center has-text-color has-medium-font-size\" style=\"color:#010f65\">Vous pensez pertinent d&rsquo;offrir aux enfants non francophones du monde entier un outil p\u00e9dagogique ludique, joyeux et adapt\u00e9 \u00e0 leur \u00e2ge ?<strong> <\/strong><\/p>\n\n\n\n<p class=\"has-text-align-center has-text-color has-medium-font-size\" style=\"color:#010f65\"><strong><mark style=\"background-color:rgba(0, 0, 0, 0);color:#010f65\" class=\"has-inline-color\">Faites un don et aidez-nous \u00e0 produire la saison 2 !<\/mark><\/strong><\/p>\n\n\n\n<iframe id=\"haWidget\" allowtransparency=\"false\" src=\"https:\/\/www.helloasso.com\/associations\/juristes-pour-l-enfance\/formulaires\/7\/widget-bouton\" style=\"width:100%;text-color:#010f65; height:70px;border:none;\"><\/iframe><div style=\"width:100%;text-align:center;\">Propuls\u00e9 par <a href=\"https:\/\/www.helloasso.com\" rel=\"nofollow\">HelloAsso<\/a><\/div>\n\n\n\n<div class=\"wp-block-buttons is-layout-flex wp-block-buttons-is-layout-flex\">\n<div class=\"wp-block-button\"><a class=\"wp-block-button__link has-text-align-center wp-element-button\" href=\"https:\/\/lesenfantsparlentfrancais.com\/index.php\/bienvenue-dans-nos-quizzes\">aller aux quizz<\/a><\/div>\n<\/div>\n","protected":false},"excerpt":{"rendered":"<p>Les enfants parlent fran\u00e7aisD\u00e9couvrez les 10 \u00e9pisodes de la 1\u00e8re saison !Des dialogues faciles en fran\u00e7ais, sous-titr\u00e9s (French conversation &#8211; easy &#8211; kids &#8211; ST) Les enfants parlent fran\u00e7ais videos FLE Francais langue \u00e9trang\u00e8re francais langue \u00e9trangere (French conversation &#8211; easy &#8211; kids &#8211; ST) Notions : nom et pr\u00e9nom, famille (fr\u00e8re et s\u0153ur), \u00e2ge, pr\u00e9sentation, questions-r\u00e9ponses. Notions : rappels de l&rsquo;\u00e9pisode 1 (\u00ab\u00a0je me pr\u00e9sente\u00a0\u00bb) &#8211; objets de la classe et du cartable &#8211; Faire des questions\/r\u00e9ponses. Introduction des notions masculin \/ f\u00e9minin Notions : r\u00e9visions de l&rsquo;\u00e9pisode 2 (\u00ab\u00a0A l&rsquo;\u00e9cole ! c&rsquo;est la rentr\u00e9e\u00a0\u00bb) &#8211; les couleurs &#8211; les questions &#8211; les nombres jusqu&rsquo;\u00e0 4 Notions : vocabulaire de la famille. R\u00e9visions des pr\u00e9sentations. D\u00e9terminants Notions : adjectifs (grand\/petit) + verbe \u00eatre (o\u00f9 est?) + lieu (sur\/sous, devant\/derri\u00e8re) + vocabulaire du salon Notions : la cuisine &#8211; mettre le couvert &#8211; r\u00e9visions pr\u00e9positions\/ adverbes de lieu Notions : les formes et les dimensions au travers des adjectifs et l&rsquo;expression des contraires Notions : les mati\u00e8res et les formes &#8211; les nombres au del\u00e0 de 5 Notions : Le corps Notions : le visage et les 5 sens Cette 1\u00e8re saison vous a plu ? Vous pensez pertinent d&rsquo;offrir aux enfants non francophones du monde entier un outil p\u00e9dagogique ludique, joyeux et adapt\u00e9 \u00e0 leur \u00e2ge ? Faites un don et aidez-nous \u00e0 produire la saison 2 ! Propuls\u00e9 par HelloAsso<\/p>\n","protected":false},"author":1,"featured_media":0,"parent":0,"menu_order":0,"comment_status":"closed","ping_status":"closed","template":"","meta":{"footnotes":""},"class_list":["post-2","page","type-page","status-publish","hentry"],"_links":{"self":[{"href":"https:\/\/lesenfantsparlentfrancais.com\/index.php\/wp-json\/wp\/v2\/pages\/2","targetHints":{"allow":["GET"]}}],"collection":[{"href":"https:\/\/lesenfantsparlentfrancais.com\/index.php\/wp-json\/wp\/v2\/pages"}],"about":[{"href":"https:\/\/lesenfantsparlentfrancais.com\/index.php\/wp-json\/wp\/v2\/types\/page"}],"author":[{"embeddable":true,"href":"https:\/\/lesenfantsparlentfrancais.com\/index.php\/wp-json\/wp\/v2\/users\/1"}],"replies":[{"embeddable":true,"href":"https:\/\/lesenfantsparlentfrancais.com\/index.php\/wp-json\/wp\/v2\/comments?post=2"}],"version-history":[{"count":72,"href":"https:\/\/lesenfantsparlentfrancais.com\/index.php\/wp-json\/wp\/v2\/pages\/2\/revisions"}],"predecessor-version":[{"id":284,"href":"https:\/\/lesenfantsparlentfrancais.com\/index.php\/wp-json\/wp\/v2\/pages\/2\/revisions\/284"}],"wp:attachment":[{"href":"https:\/\/lesenfantsparlentfrancais.com\/index.php\/wp-json\/wp\/v2\/media?parent=2"}],"curies":[{"name":"wp","href":"https:\/\/api.w.org\/{rel}","templated":true}]}}